{"id":35,"date":"2023-05-02T12:22:15","date_gmt":"2023-05-02T10:22:15","guid":{"rendered":"https:\/\/www.4954.de\/?page_id=35"},"modified":"2024-09-04T08:59:21","modified_gmt":"2024-09-04T06:59:21","slug":"impressum","status":"publish","type":"page","link":"https:\/\/www.4954.de\/?page_id=35","title":{"rendered":"Impressum"},"content":{"rendered":"\t\t<div data-elementor-type=\"wp-page\" data-elementor-id=\"35\" class=\"elementor elementor-35\" data-elementor-post-type=\"page\">\n\t\t\t\t\t\t<section class=\"elementor-section elementor-top-section elementor-element elementor-element-d7c4e09 elementor-section-boxed elementor-section-height-default elementor-section-height-default\" data-id=\"d7c4e09\" data-element_type=\"section\" data-e-type=\"section\">\n\t\t\t\t\t\t<div class=\"elementor-container elementor-column-gap-default\">\n\t\t\t\t\t<div class=\"elementor-column elementor-col-100 elementor-top-column elementor-element elementor-element-270334f\" data-id=\"270334f\" data-element_type=\"column\" data-e-type=\"column\">\n\t\t\t<div class=\"elementor-widget-wrap elementor-element-populated\">\n\t\t\t\t\t\t<div class=\"elementor-element elementor-element-332ed2b elementor-widget elementor-widget-heading\" data-id=\"332ed2b\" data-element_type=\"widget\" data-e-type=\"widget\" data-widget_type=\"heading.default\">\n\t\t\t\t<div class=\"elementor-widget-container\">\n\t\t\t\t\t<h2 class=\"elementor-heading-title elementor-size-default\">Angaben gem\u00e4\u00df \u00a75 DDG<\/h2>\t\t\t\t<\/div>\n\t\t\t\t<\/div>\n\t\t\t\t\t<\/div>\n\t\t<\/div>\n\t\t\t\t\t<\/div>\n\t\t<\/section>\n\t\t\t\t<section class=\"elementor-section elementor-top-section elementor-element elementor-element-8008e7e elementor-section-boxed elementor-section-height-default elementor-section-height-default\" data-id=\"8008e7e\" data-element_type=\"section\" data-e-type=\"section\">\n\t\t\t\t\t\t<div class=\"elementor-container elementor-column-gap-default\">\n\t\t\t\t\t<div class=\"elementor-column elementor-col-100 elementor-top-column elementor-element elementor-element-b649dcb\" data-id=\"b649dcb\" data-element_type=\"column\" data-e-type=\"column\">\n\t\t\t<div class=\"elementor-widget-wrap elementor-element-populated\">\n\t\t\t\t\t\t<div class=\"elementor-element elementor-element-49d50fb elementor-widget elementor-widget-text-editor\" data-id=\"49d50fb\" data-element_type=\"widget\" data-e-type=\"widget\" data-widget_type=\"text-editor.default\">\n\t\t\t\t<div class=\"elementor-widget-container\">\n\t\t\t\t\t\t\t\t\t<p>49 54 &#8211; Systeme &amp; Technik Obfr. GmbH<br \/>Ziegelh\u00fcttener Str. 28a<br \/>95326 Kulmbach<\/p><p>vertreten durch gesch\u00e4ftsf\u00fchrenden Gesellschafter Jan Fischer<\/p><p>+49 9221 \/ 6917630<br \/>mail@4954.de<\/p><p><em>Postanschrift:<\/em><br \/><em>Burghaiger Str. 46<\/em><br \/><em>95326 Kulmbach<\/em><\/p><p>UST-ID: DE324669113<br \/>Handelsregister: HRB 6972<br \/>Registergericht: Amtsgericht Bayreuth<\/p><p>www.4954.de<\/p><p>Verantwortlicher f\u00fcr journalistisch-redaktionelle Beitrage (nach \u00a718MStV)<br \/>Jan Fischer<\/p>\t\t\t\t\t\t\t\t<\/div>\n\t\t\t\t<\/div>\n\t\t\t\t\t<\/div>\n\t\t<\/div>\n\t\t\t\t\t<\/div>\n\t\t<\/section>\n\t\t\t\t<section class=\"elementor-section elementor-top-section elementor-element elementor-element-d7a25a2 elementor-section-boxed elementor-section-height-default elementor-section-height-default\" data-id=\"d7a25a2\" data-element_type=\"section\" data-e-type=\"section\">\n\t\t\t\t\t\t<div class=\"elementor-container elementor-column-gap-default\">\n\t\t\t\t\t<div class=\"elementor-column elementor-col-100 elementor-top-column elementor-element elementor-element-44dc766\" data-id=\"44dc766\" data-element_type=\"column\" data-e-type=\"column\">\n\t\t\t<div class=\"elementor-widget-wrap elementor-element-populated\">\n\t\t\t\t\t\t<div class=\"elementor-element elementor-element-5a95b8e elementor-widget elementor-widget-heading\" data-id=\"5a95b8e\" data-element_type=\"widget\" data-e-type=\"widget\" data-widget_type=\"heading.default\">\n\t\t\t\t<div class=\"elementor-widget-container\">\n\t\t\t\t\t<h2 class=\"elementor-heading-title elementor-size-default\">Haftungsausschluss<\/h2>\t\t\t\t<\/div>\n\t\t\t\t<\/div>\n\t\t\t\t<div class=\"elementor-element elementor-element-ab8d508 elementor-widget elementor-widget-text-editor\" data-id=\"ab8d508\" data-element_type=\"widget\" data-e-type=\"widget\" data-widget_type=\"text-editor.default\">\n\t\t\t\t<div class=\"elementor-widget-container\">\n\t\t\t\t\t\t\t\t\t<p><strong>Haftung f\u00fcr Inhalte<\/strong><br \/>Die Inhalte unserer Seiten wurden mit gr\u00f6\u00dfter Sorgfalt erstellt. F\u00fcr die Richtigkeit, Vollst\u00e4ndigkeit und Aktualit\u00e4t der Inhalte k\u00f6nnen wir jedoch keine Gew\u00e4hr \u00fcbernehmen. Als Dienstanbieter sind wir gem\u00e4\u00df \u00a77 Abs. 1 TMG f\u00fcr eigene Inhalte auf diesen Seiten nach den allgemeinen Gesetzen verantwortlich. Nach \u00a7\u00a78 bis 10 TMG sind wir als Dienstanbieter jedoch nicht verpflichtet, \u00fcbermittelte oder gespeicherte fremde Informationen zu \u00fcberwachen oder nach Umst\u00e4nden zu forschen, die auf eine rechtswidrige T\u00e4tigkeit hinweisen. Verpflichtungen zur Entfernung oder Sperrung der Nutzung von Informationen nach den allgemeinen Gesetzen bleiben hiervon unber\u00fchrt. Eine diesbez\u00fcgliche Haftung ist jedoch erst ab dem Zeitpunkt der Kenntnis einer konkreten Rechtsverletzung m\u00f6glich. Bei Bekanntwerden von entsprechenden Rechtsverletzungen werden wir diese Inhalte umgehend entfernen.<\/p><p><strong>Haftung f\u00fcr Links<\/strong><br \/>Unser Angebot enth\u00e4lt ggf. Links zu externen Webseiten Dritter, auf deren Inhalt wir keinen Einfluss haben. Deshalb k\u00f6nnen wir f\u00fcr diese fremden Inhalte auch keine Gew\u00e4hr \u00fcbernehmen. F\u00fcr die Inhalte der verlinkten Seiten ist stets der jeweilige Anbieter oder Betreiber der Seiten verantwortlich. Die verlinkten Seiten wurden zum Zeitpunkt der Verlinkung auf m\u00f6gliche Rechtsverst\u00f6\u00dfe gepr\u00fcft. Rechtswidrige Inhalte waren zum Zeitpunkt der Verlinkung nicht erkennbar. Eine permanente inhaltliche Kontrolle der verlinkten Seiten ist jedoch ohne konkrete Anhaltspunkte einer Rechtsverletzung nicht zumutbar. Bei Bekanntwerden von Rechtsverletzungen werden wir derartige Links umgehend entfernen.<\/p><p><strong>Urheberrecht<\/strong><br \/>Die durch die Seitenbetreiber erstellten Inhalte und Werke auf diesen Seiten unterliegen dem deutschen Urheberrecht. Die Vervielf\u00e4ltigung, Bearbeitung, Verbreitung und jede Art der Verwertung au\u00dferhalb der Grenzen des Urheberrechts bed\u00fcrfen der schriftlichen Zustimmung des jeweiligen Autors bzw. Erstellers.- Downloads und Kopien dieser Seite sind nur f\u00fcr den privaten, nicht kommerziellen Gebrauch gestattet. Soweit die Inhalte dieser Seite nicht vom Betreiber erstellt wurden, werden die Urheberrechte Dritter beachtet. Sollten Sie trotzdem auf eine Urheberrechtsverletzung aufmerksam werden, bitten wir um entsprechenden Hinweis. Bei Bekanntwerden von Rechtsverletzungen werden wir derartige Inhalte umgehend entfernen.<\/p><p>Eingebettete Inhalte Dritter<br \/>Quelle: https:\/\/www.pexels.com\/de-de\/suche\/frei%20f%C3%BCr%20die%20kommerzielle%20nutzung\/<\/p>\t\t\t\t\t\t\t\t<\/div>\n\t\t\t\t<\/div>\n\t\t\t\t\t<\/div>\n\t\t<\/div>\n\t\t\t\t\t<\/div>\n\t\t<\/section>\n\t\t\t\t<\/div>\n\t\t","protected":false},"excerpt":{"rendered":"<p>Angaben gem\u00e4\u00df \u00a75 DDG 49 54 &#8211; Systeme &amp; Technik Obfr. GmbHZiegelh\u00fcttener Str. 28a95326 Kulmbach vertreten durch gesch\u00e4ftsf\u00fchrenden Gesellschafter Jan Fischer +49 9221 \/ 6917630mail@4954.de Postanschrift:Burghaiger Str. 4695326 Kulmbach UST-ID: DE324669113Handelsregister: HRB 6972Registergericht: Amtsgericht Bayreuth www.4954.de Verantwortlicher f\u00fcr journalistisch-redaktionelle Beitrage (nach \u00a718MStV)Jan Fischer Haftungsausschluss Haftung f\u00fcr InhalteDie Inhalte unserer Seiten wurden mit gr\u00f6\u00dfter Sorgfalt erstellt. [&hellip;]<\/p>\n","protected":false},"author":2,"featured_media":0,"parent":0,"menu_order":3,"comment_status":"closed","ping_status":"closed","template":"","meta":{"footnotes":""},"class_list":["post-35","page","type-page","status-publish","hentry"],"yoast_head":"<!-- This site is optimized with the Yoast SEO plugin v27.3 - https:\/\/yoast.com\/product\/yoast-seo-wordpress\/ -->\n<title>Impressum - www.4954.de<\/title>\n<meta name=\"description\" content=\"Hier geht&#039;s zum Impressum der Website von 49 54 - Systeme &amp; Technik Oberfranken GmbH!\" \/>\n<meta name=\"robots\" content=\"index, follow, max-snippet:-1, max-image-preview:large, max-video-preview:-1\" \/>\n<link rel=\"canonical\" href=\"https:\/\/www.4954.de\/?page_id=35\" \/>\n<meta property=\"og:locale\" content=\"de_DE\" \/>\n<meta property=\"og:type\" content=\"article\" \/>\n<meta property=\"og:title\" content=\"Impressum - www.4954.de\" \/>\n<meta property=\"og:description\" content=\"Hier geht&#039;s zum Impressum der Website von 49 54 - Systeme &amp; Technik Oberfranken GmbH!\" \/>\n<meta property=\"og:url\" content=\"https:\/\/www.4954.de\/?page_id=35\" \/>\n<meta property=\"og:site_name\" content=\"www.4954.de\" \/>\n<meta property=\"article:modified_time\" content=\"2024-09-04T06:59:21+00:00\" \/>\n<meta name=\"twitter:card\" content=\"summary_large_image\" \/>\n<meta name=\"twitter:label1\" content=\"Gesch\u00e4tzte Lesezeit\" \/>\n\t<meta name=\"twitter:data1\" content=\"2\u00a0Minuten\" \/>\n<script type=\"application\/ld+json\" class=\"yoast-schema-graph\">{\"@context\":\"https:\\\/\\\/schema.org\",\"@graph\":[{\"@type\":\"WebPage\",\"@id\":\"https:\\\/\\\/www.4954.de\\\/?page_id=35\",\"url\":\"https:\\\/\\\/www.4954.de\\\/?page_id=35\",\"name\":\"Impressum - www.4954.de\",\"isPartOf\":{\"@id\":\"https:\\\/\\\/www.4954.de\\\/#website\"},\"datePublished\":\"2023-05-02T10:22:15+00:00\",\"dateModified\":\"2024-09-04T06:59:21+00:00\",\"description\":\"Hier geht's zum Impressum der Website von 49 54 - Systeme & Technik Oberfranken GmbH!\",\"breadcrumb\":{\"@id\":\"https:\\\/\\\/www.4954.de\\\/?page_id=35#breadcrumb\"},\"inLanguage\":\"de\",\"potentialAction\":[{\"@type\":\"ReadAction\",\"target\":[\"https:\\\/\\\/www.4954.de\\\/?page_id=35\"]}]},{\"@type\":\"BreadcrumbList\",\"@id\":\"https:\\\/\\\/www.4954.de\\\/?page_id=35#breadcrumb\",\"itemListElement\":[{\"@type\":\"ListItem\",\"position\":1,\"name\":\"Startseite\",\"item\":\"https:\\\/\\\/www.4954.de\\\/\"},{\"@type\":\"ListItem\",\"position\":2,\"name\":\"Impressum\"}]},{\"@type\":\"WebSite\",\"@id\":\"https:\\\/\\\/www.4954.de\\\/#website\",\"url\":\"https:\\\/\\\/www.4954.de\\\/\",\"name\":\"www.4954.de\",\"description\":\"49 54 - Systeme &amp; Technik Obfr. GmbH\",\"publisher\":{\"@id\":\"https:\\\/\\\/www.4954.de\\\/#organization\"},\"potentialAction\":[{\"@type\":\"SearchAction\",\"target\":{\"@type\":\"EntryPoint\",\"urlTemplate\":\"https:\\\/\\\/www.4954.de\\\/?s={search_term_string}\"},\"query-input\":{\"@type\":\"PropertyValueSpecification\",\"valueRequired\":true,\"valueName\":\"search_term_string\"}}],\"inLanguage\":\"de\"},{\"@type\":\"Organization\",\"@id\":\"https:\\\/\\\/www.4954.de\\\/#organization\",\"name\":\"49 54 - Systeme & Technik Obfr. GmbH\",\"url\":\"https:\\\/\\\/www.4954.de\\\/\",\"logo\":{\"@type\":\"ImageObject\",\"inLanguage\":\"de\",\"@id\":\"https:\\\/\\\/www.4954.de\\\/#\\\/schema\\\/logo\\\/image\\\/\",\"url\":\"https:\\\/\\\/www.4954.de\\\/wp-content\\\/uploads\\\/2023\\\/05\\\/Logo-gruen-MARKE.png\",\"contentUrl\":\"https:\\\/\\\/www.4954.de\\\/wp-content\\\/uploads\\\/2023\\\/05\\\/Logo-gruen-MARKE.png\",\"width\":3509,\"height\":766,\"caption\":\"49 54 - Systeme & Technik Obfr. GmbH\"},\"image\":{\"@id\":\"https:\\\/\\\/www.4954.de\\\/#\\\/schema\\\/logo\\\/image\\\/\"}}]}<\/script>\n<!-- \/ Yoast SEO plugin. -->","yoast_head_json":{"title":"Impressum - www.4954.de","description":"Hier geht's zum Impressum der Website von 49 54 - Systeme & Technik Oberfranken GmbH!","robots":{"index":"index","follow":"follow","max-snippet":"max-snippet:-1","max-image-preview":"max-image-preview:large","max-video-preview":"max-video-preview:-1"},"canonical":"https:\/\/www.4954.de\/?page_id=35","og_locale":"de_DE","og_type":"article","og_title":"Impressum - www.4954.de","og_description":"Hier geht's zum Impressum der Website von 49 54 - Systeme & Technik Oberfranken GmbH!","og_url":"https:\/\/www.4954.de\/?page_id=35","og_site_name":"www.4954.de","article_modified_time":"2024-09-04T06:59:21+00:00","twitter_card":"summary_large_image","twitter_misc":{"Gesch\u00e4tzte Lesezeit":"2\u00a0Minuten"},"schema":{"@context":"https:\/\/schema.org","@graph":[{"@type":"WebPage","@id":"https:\/\/www.4954.de\/?page_id=35","url":"https:\/\/www.4954.de\/?page_id=35","name":"Impressum - www.4954.de","isPartOf":{"@id":"https:\/\/www.4954.de\/#website"},"datePublished":"2023-05-02T10:22:15+00:00","dateModified":"2024-09-04T06:59:21+00:00","description":"Hier geht's zum Impressum der Website von 49 54 - Systeme & Technik Oberfranken GmbH!","breadcrumb":{"@id":"https:\/\/www.4954.de\/?page_id=35#breadcrumb"},"inLanguage":"de","potentialAction":[{"@type":"ReadAction","target":["https:\/\/www.4954.de\/?page_id=35"]}]},{"@type":"BreadcrumbList","@id":"https:\/\/www.4954.de\/?page_id=35#breadcrumb","itemListElement":[{"@type":"ListItem","position":1,"name":"Startseite","item":"https:\/\/www.4954.de\/"},{"@type":"ListItem","position":2,"name":"Impressum"}]},{"@type":"WebSite","@id":"https:\/\/www.4954.de\/#website","url":"https:\/\/www.4954.de\/","name":"www.4954.de","description":"49 54 - Systeme &amp; Technik Obfr. GmbH","publisher":{"@id":"https:\/\/www.4954.de\/#organization"},"potentialAction":[{"@type":"SearchAction","target":{"@type":"EntryPoint","urlTemplate":"https:\/\/www.4954.de\/?s={search_term_string}"},"query-input":{"@type":"PropertyValueSpecification","valueRequired":true,"valueName":"search_term_string"}}],"inLanguage":"de"},{"@type":"Organization","@id":"https:\/\/www.4954.de\/#organization","name":"49 54 - Systeme & Technik Obfr. GmbH","url":"https:\/\/www.4954.de\/","logo":{"@type":"ImageObject","inLanguage":"de","@id":"https:\/\/www.4954.de\/#\/schema\/logo\/image\/","url":"https:\/\/www.4954.de\/wp-content\/uploads\/2023\/05\/Logo-gruen-MARKE.png","contentUrl":"https:\/\/www.4954.de\/wp-content\/uploads\/2023\/05\/Logo-gruen-MARKE.png","width":3509,"height":766,"caption":"49 54 - Systeme & Technik Obfr. GmbH"},"image":{"@id":"https:\/\/www.4954.de\/#\/schema\/logo\/image\/"}}]}},"_links":{"self":[{"href":"https:\/\/www.4954.de\/index.php?rest_route=\/wp\/v2\/pages\/35","targetHints":{"allow":["GET"]}}],"collection":[{"href":"https:\/\/www.4954.de\/index.php?rest_route=\/wp\/v2\/pages"}],"about":[{"href":"https:\/\/www.4954.de\/index.php?rest_route=\/wp\/v2\/types\/page"}],"author":[{"embeddable":true,"href":"https:\/\/www.4954.de\/index.php?rest_route=\/wp\/v2\/users\/2"}],"replies":[{"embeddable":true,"href":"https:\/\/www.4954.de\/index.php?rest_route=%2Fwp%2Fv2%2Fcomments&post=35"}],"version-history":[{"count":26,"href":"https:\/\/www.4954.de\/index.php?rest_route=\/wp\/v2\/pages\/35\/revisions"}],"predecessor-version":[{"id":1995,"href":"https:\/\/www.4954.de\/index.php?rest_route=\/wp\/v2\/pages\/35\/revisions\/1995"}],"wp:attachment":[{"href":"https:\/\/www.4954.de\/index.php?rest_route=%2Fwp%2Fv2%2Fmedia&parent=35"}],"curies":[{"name":"wp","href":"https:\/\/api.w.org\/{rel}","templated":true}]}}